{"id":63,"date":"2021-03-06T11:06:35","date_gmt":"2021-03-06T11:06:35","guid":{"rendered":"http:\/\/13.250.35.20\/?page_id=63"},"modified":"2021-04-06T15:59:06","modified_gmt":"2021-04-06T08:59:06","slug":"dich-vu","status":"publish","type":"page","link":"http:\/\/tritueso.com.vn\/en\/dich-vu","title":{"rendered":"Service"},"content":{"rendered":"<p><\/p>\n\n\n\n<div class=\"row row-collapse row-full-width\"  id=\"row-1583826826\">\n\n\n\t<div id=\"col-1302263188\" class=\"col medium-6 small-12 large-6\"  >\n\t\t<div class=\"col-inner\"  >\n\t\t\t\n\t\t\t\n\n\n  <div class=\"banner has-hover\" id=\"banner-1800452318\">\n          <div class=\"banner-inner fill\">\n        <div class=\"banner-bg fill\" >\n            <div class=\"bg fill bg-fill\"><\/div>\n                        <div class=\"overlay\"><\/div>            \n            <div class=\"effect-sparkle bg-effect fill no-click\"><\/div>        <\/div>\n        <div class=\"banner-layers container\">\n            <div class=\"fill banner-link\"><\/div>            \n\n   <div id=\"text-box-66531200\" class=\"text-box banner-layer x50 md-x50 lg-x50 y50 md-y50 lg-y50 res-text\">\n                                <div class=\"text-box-content text\">\n              \n              <div class=\"text-inner text-left\">\n                  \n\n\t<div id=\"text-1560414447\" class=\"text\">\n\t\t\n\n<h1 class=\"uppercase\"><span style=\"font-size: 150%;font-family:Times New Roman;\"><strong>d\u1ecbch v\u1ee5<\/strong><\/span><\/h1>\n<p><span style=\"font-size: 200%;\"><strong>Chuy\u00ean nghi\u1ec7p &#8211; Ch\u1ea5t l\u01b0\u1ee3ng &#8211; Uy t\u00edn &#8211; Hi\u1ec7u qu\u1ea3<\/strong><\/span><\/p>\n\t\t\n<style>\n#text-1560414447 {\n  text-align: center;\n  color: rgb(0, 38, 153);\n}\n#text-1560414447 > * {\n  color: rgb(0, 38, 153);\n}\n<\/style>\n\t<\/div>\n\t\n\n              <\/div>\n           <\/div>\n                            \n<style>\n#text-box-66531200 {\n  width: 70%;\n}\n#text-box-66531200 .text-box-content {\n  font-size: 100%;\n}\n<\/style>\n    <\/div>\n \n\n        <\/div>\n      <\/div>\n\n            \n<style>\n#banner-1800452318 {\n  padding-top: 400px;\n}\n#banner-1800452318 .bg.bg-loaded {\n  background-image: url(http:\/\/tritueso.com.vn\/wp-content\/uploads\/2021\/03\/bao-tri-may-quet-ma-vach.jpg);\n}\n#banner-1800452318 .overlay {\n  background-color: rgba(120, 158, 200, 0.872);\n}\n@media (min-width:550px) {\n  #banner-1800452318 {\n    padding-top: 700px;\n  }\n}\n<\/style>\n  <\/div>\n\n\n\n\t\t<\/div>\n\t\t\t<\/div>\n\n\t\n\n\t<div id=\"col-1414755939\" class=\"col medium-6 small-12 large-6\"  >\n\t\t<div class=\"col-inner\"  >\n\t\t\t\n\t\t\t\n\n\n  <div class=\"banner has-hover\" id=\"banner-279566250\">\n          <div class=\"banner-inner fill\">\n        <div class=\"banner-bg fill\" >\n            <div class=\"bg fill bg-fill\"><\/div>\n                        <div class=\"overlay\"><\/div>            \n                    <\/div>\n        <div class=\"banner-layers container\">\n            <div class=\"fill banner-link\"><\/div>            \n\n   <div id=\"text-box-571233342\" class=\"text-box banner-layer x15 md-x50 lg-x50 y90 md-y50 lg-y50 res-text\">\n                                <div class=\"text-box-content text dark\">\n              \n              <div class=\"text-inner text-left\">\n                  \n\n<div class=\"row\"  id=\"row-1500250696\">\n\n\n\t<div id=\"col-1065801550\" class=\"col medium-11 small-12 large-11\"  >\n\t\t<div class=\"col-inner\"  >\n\t\t\t\n\t\t\t\n\n\t<div id=\"gap-1242031393\" class=\"gap-element clearfix\" style=\"display:block; height:auto;\">\n\t\t\n<style>\n#gap-1242031393 {\n  padding-top: 70px;\n}\n<\/style>\n\t<\/div>\n\t\n\n\n\t\t<div class=\"icon-box featured-box icon-box-left text-left\"  >\n\t\t\t\t\t<div class=\"icon-box-img has-icon-bg\" style=\"width: 98px\">\n\t\t\t\t<div class=\"icon\">\n\t\t\t\t\t<div class=\"icon-inner\" style=\"border-width:1px;color:rgba(255, 255, 255, 0.65);\">\n\t\t\t\t\t\t<img loading=\"lazy\" decoding=\"async\" width=\"300\" height=\"293\" src=\"http:\/\/tritueso.com.vn\/wp-content\/uploads\/2021\/04\/handheld-devices-bar-code-2-300x293.png\" class=\"attachment-medium size-medium\" alt=\"\" srcset=\"http:\/\/tritueso.com.vn\/wp-content\/uploads\/2021\/04\/handheld-devices-bar-code-2-300x293.png 300w, http:\/\/tritueso.com.vn\/wp-content\/uploads\/2021\/04\/handheld-devices-bar-code-2-12x12.png 12w, http:\/\/tritueso.com.vn\/wp-content\/uploads\/2021\/04\/handheld-devices-bar-code-2.png 505w\" sizes=\"auto, (max-width: 300px) 100vw, 300px\" \/>\t\t\t\t\t<\/div>\n\t\t\t\t<\/div>\n\t\t\t<\/div>\n\t\t\t\t<div class=\"icon-box-text last-reset\">\n\t\t\t\t\t\t\t\t\t\n\n<h4>D\u1ecaCH V\u1ee4 CHO THU\u00ca M\u00c1Y KI\u1ec2M KHO<\/h4>\n<p><span style=\"font-size: 105%;\">Qu\u00fd kh\u00e1ch h\u00e0ng c\u00f3 nhu c\u1ea7u thu\u00ea m\u00e1y ki\u1ec3m kho, vui l\u00f2ng li\u00ean h\u1ec7 ngay v\u1edbi ch\u00fang t\u00f4i \u0111\u1ec3 \u0111\u01b0\u1ee3c \u0111\u1ed9i ng\u0169 chuy\u00ean nghi\u1ec7p t\u01b0 v\u1ea5n ph\u00f9 h\u1ee3p v\u1edbi nhu c\u1ea7u c\u1ee7a Qu\u00fd kh\u00e1ch.<\/span><\/p>\n\n\t\t<\/div>\n\t<\/div>\n\t\n\t\n\t<div id=\"gap-202626338\" class=\"gap-element clearfix\" style=\"display:block; height:auto;\">\n\t\t\n<style>\n#gap-202626338 {\n  padding-top: 50px;\n}\n<\/style>\n\t<\/div>\n\t\n\n\n\t\t<div class=\"icon-box featured-box icon-box-left text-left\"  >\n\t\t\t\t\t<div class=\"icon-box-img has-icon-bg\" style=\"width: 98px\">\n\t\t\t\t<div class=\"icon\">\n\t\t\t\t\t<div class=\"icon-inner\" style=\"border-width:1px;color:rgba(255, 255, 255, 0.65);\">\n\t\t\t\t\t\t<img loading=\"lazy\" decoding=\"async\" width=\"300\" height=\"300\" src=\"http:\/\/tritueso.com.vn\/wp-content\/uploads\/2021\/03\/icon-sua-chua-may-in-ma-vach-300x300.png\" class=\"attachment-medium size-medium\" alt=\"\" srcset=\"http:\/\/tritueso.com.vn\/wp-content\/uploads\/2021\/03\/icon-sua-chua-may-in-ma-vach-300x300.png 300w, http:\/\/tritueso.com.vn\/wp-content\/uploads\/2021\/03\/icon-sua-chua-may-in-ma-vach-150x150.png 150w, http:\/\/tritueso.com.vn\/wp-content\/uploads\/2021\/03\/icon-sua-chua-may-in-ma-vach-100x100.png 100w, http:\/\/tritueso.com.vn\/wp-content\/uploads\/2021\/03\/icon-sua-chua-may-in-ma-vach.png 400w\" sizes=\"auto, (max-width: 300px) 100vw, 300px\" \/>\t\t\t\t\t<\/div>\n\t\t\t\t<\/div>\n\t\t\t<\/div>\n\t\t\t\t<div class=\"icon-box-text last-reset\">\n\t\t\t\t\t\t\t\t\t\n\n<h4>D\u1ecaCH V\u1ee4 C\u00c0I \u0110\u1eb6T V\u00c0 S\u1eecA CH\u1eeeA THI\u1ebeT B\u1eca<\/h4>\n<p><span style=\"font-size: 105%;\">Chuy\u00ean cung c\u1ea5p d\u1ecbch v\u1ee5 c\u00e0i \u0111\u1eb7t, l\u1eafp \u0111\u1eb7t v\u00e0 s\u1ee7a ch\u1eefa c\u00e1c thi\u1ebft b\u1ecb m\u00e3 v\u1ea1ch chuy\u00ean nghi\u1ec7p. Ch\u00fang t\u00f4i lu\u00f4n mang \u0111\u1ebfn s\u1ef1 h\u00e0i l\u00f2ng cho kh\u00e1ch h\u00e0ng khi s\u1eed d\u1ee5ng d\u1ecbch v\u1ee5 c\u1ee7a ch\u00fang t\u00f4i.<\/span><\/p>\n\n\t\t<\/div>\n\t<\/div>\n\t\n\t\n\t<div id=\"gap-100797399\" class=\"gap-element clearfix\" style=\"display:block; height:auto;\">\n\t\t\n<style>\n#gap-100797399 {\n  padding-top: 50px;\n}\n<\/style>\n\t<\/div>\n\t\n\n\n\t\t<div class=\"icon-box featured-box icon-box-left text-left\"  >\n\t\t\t\t\t<div class=\"icon-box-img has-icon-bg\" style=\"width: 98px\">\n\t\t\t\t<div class=\"icon\">\n\t\t\t\t\t<div class=\"icon-inner\" style=\"border-width:1px;color:rgba(255, 255, 255, 0.65);\">\n\t\t\t\t\t\t<img loading=\"lazy\" decoding=\"async\" width=\"300\" height=\"300\" src=\"http:\/\/tritueso.com.vn\/wp-content\/uploads\/2021\/03\/icon-sua-chua-may-in-ma-vach-2-300x300.png\" class=\"attachment-medium size-medium\" alt=\"\" srcset=\"http:\/\/tritueso.com.vn\/wp-content\/uploads\/2021\/03\/icon-sua-chua-may-in-ma-vach-2.png 300w, http:\/\/tritueso.com.vn\/wp-content\/uploads\/2021\/03\/icon-sua-chua-may-in-ma-vach-2-150x150.png 150w, http:\/\/tritueso.com.vn\/wp-content\/uploads\/2021\/03\/icon-sua-chua-may-in-ma-vach-2-100x100.png 100w\" sizes=\"auto, (max-width: 300px) 100vw, 300px\" \/>\t\t\t\t\t<\/div>\n\t\t\t\t<\/div>\n\t\t\t<\/div>\n\t\t\t\t<div class=\"icon-box-text last-reset\">\n\t\t\t\t\t\t\t\t\t\n\n<h4>D\u1ecaCH V\u1ee4 B\u1ea2O TR\u00cc THI\u1ebeT B\u1eca<\/h4>\n<p><span style=\"font-size: 105%;\">Chuy\u00ean cung c\u1ea5p d\u1ecbch v\u1ee5 b\u1ea3o tr\u00ec \u0111\u1ecbnh k\u00ec d\u00e0nh cho c\u00e1c thi\u1ebft b\u1ecb barcode uy t\u00edn, chuy\u00ean nghi\u1ec7p v\u00e0 nhanh ch\u00f3ng.<\/span><\/p>\n<p>\u00a0<\/p>\n\n\t\t<\/div>\n\t<\/div>\n\t\n\t\n\t<div id=\"gap-1606132224\" class=\"gap-element clearfix\" style=\"display:block; height:auto;\">\n\t\t\n<style>\n#gap-1606132224 {\n  padding-top: 20px;\n}\n<\/style>\n\t<\/div>\n\t\n\n\n\t\t<div class=\"icon-box featured-box icon-box-left text-left\"  >\n\t\t\t\t\t<div class=\"icon-box-img has-icon-bg\" style=\"width: 98px\">\n\t\t\t\t<div class=\"icon\">\n\t\t\t\t\t<div class=\"icon-inner\" style=\"border-width:1px;color:rgba(255, 255, 255, 0.65);\">\n\t\t\t\t\t\t<img loading=\"lazy\" decoding=\"async\" width=\"300\" height=\"300\" src=\"http:\/\/tritueso.com.vn\/wp-content\/uploads\/2021\/03\/icon-tu-van-phan-mem-may-in-ma-vach-4-300x300.png\" class=\"attachment-medium size-medium\" alt=\"\" srcset=\"http:\/\/tritueso.com.vn\/wp-content\/uploads\/2021\/03\/icon-tu-van-phan-mem-may-in-ma-vach-4-300x300.png 300w, http:\/\/tritueso.com.vn\/wp-content\/uploads\/2021\/03\/icon-tu-van-phan-mem-may-in-ma-vach-4-150x150.png 150w, http:\/\/tritueso.com.vn\/wp-content\/uploads\/2021\/03\/icon-tu-van-phan-mem-may-in-ma-vach-4-768x768.png 768w, http:\/\/tritueso.com.vn\/wp-content\/uploads\/2021\/03\/icon-tu-van-phan-mem-may-in-ma-vach-4-600x600.png 600w, http:\/\/tritueso.com.vn\/wp-content\/uploads\/2021\/03\/icon-tu-van-phan-mem-may-in-ma-vach-4-100x100.png 100w, http:\/\/tritueso.com.vn\/wp-content\/uploads\/2021\/03\/icon-tu-van-phan-mem-may-in-ma-vach-4.png 776w\" sizes=\"auto, (max-width: 300px) 100vw, 300px\" \/>\t\t\t\t\t<\/div>\n\t\t\t\t<\/div>\n\t\t\t<\/div>\n\t\t\t\t<div class=\"icon-box-text last-reset\">\n\t\t\t\t\t\t\t\t\t\n\n<h4>T\u01af V\u1ea4N C\u00c1C \u1ee8NG D\u1ee4NG, PH\u1ea6N M\u1ec0M CHO THI\u1ebeT B\u1eca HANDHELD<\/h4>\n<p><span style=\"font-size: 105%;\">V\u1edbi \u0111\u1ed9i ng\u0169 t\u01b0 v\u1ea5n chuy\u00ean nghi\u1ec7p, gi\u00e0u kinh nghi\u1ec7m. Ch\u00fang t\u00f4i lu\u00f4n mang \u0111\u1ebfn cho Qu\u00fd kh\u00e1ch h\u00e0ng c\u00e1c gi\u1ea3i ph\u00e1p c\u00f3 t\u00ednh hi\u1ec7u qu\u1ea3 cao v\u1edbi chi ph\u00ed ti\u1ebft ki\u1ec7m nh\u1ea5t.<\/span><\/p>\n<p>\u00a0<\/p>\n\t<div id=\"gap-1962322360\" class=\"gap-element clearfix\" style=\"display:block; height:auto;\">\n\t\t\n<style>\n#gap-1962322360 {\n  padding-top: 70px;\n}\n<\/style>\n\t<\/div>\n\t\n\n\n\t\t<\/div>\n\t<\/div>\n\t\n\t\n\n\t\t<\/div>\n\t\t\t<\/div>\n\n\t\n\n<\/div>\n\n              <\/div>\n           <\/div>\n                            \n<style>\n#text-box-571233342 {\n  width: 60%;\n}\n#text-box-571233342 .text-box-content {\n  font-size: 100%;\n}\n<\/style>\n    <\/div>\n \n\n        <\/div>\n      <\/div>\n\n            \n<style>\n#banner-279566250 {\n  padding-top: 700px;\n}\n#banner-279566250 .bg.bg-loaded {\n  background-image: url(http:\/\/tritueso.com.vn\/wp-content\/uploads\/2021\/03\/barcode-scanners.jpg);\n}\n#banner-279566250 .overlay {\n  background-color: rgba(72, 101, 132, 0.7);\n}\n<\/style>\n  <\/div>\n\n\n\n\t\t<\/div>\n\t\t\t<\/div>\n\n\t\n\n<\/div>","protected":false},"excerpt":{"rendered":"","protected":false},"author":1,"featured_media":0,"parent":0,"menu_order":0,"comment_status":"closed","ping_status":"closed","template":"","meta":{"footnotes":""},"class_list":["post-63","page","type-page","status-publish","hentry"],"_links":{"self":[{"href":"http:\/\/tritueso.com.vn\/en\/wp-json\/wp\/v2\/pages\/63","targetHints":{"allow":["GET"]}}],"collection":[{"href":"http:\/\/tritueso.com.vn\/en\/wp-json\/wp\/v2\/pages"}],"about":[{"href":"http:\/\/tritueso.com.vn\/en\/wp-json\/wp\/v2\/types\/page"}],"author":[{"embeddable":true,"href":"http:\/\/tritueso.com.vn\/en\/wp-json\/wp\/v2\/users\/1"}],"replies":[{"embeddable":true,"href":"http:\/\/tritueso.com.vn\/en\/wp-json\/wp\/v2\/comments?post=63"}],"version-history":[{"count":20,"href":"http:\/\/tritueso.com.vn\/en\/wp-json\/wp\/v2\/pages\/63\/revisions"}],"predecessor-version":[{"id":482,"href":"http:\/\/tritueso.com.vn\/en\/wp-json\/wp\/v2\/pages\/63\/revisions\/482"}],"wp:attachment":[{"href":"http:\/\/tritueso.com.vn\/en\/wp-json\/wp\/v2\/media?parent=63"}],"curies":[{"name":"wp","href":"https:\/\/api.w.org\/{rel}","templated":true}]}}