{"id":61,"date":"2021-03-06T11:05:47","date_gmt":"2021-03-06T11:05:47","guid":{"rendered":"http:\/\/13.250.35.20\/?page_id=61"},"modified":"2023-08-07T10:18:08","modified_gmt":"2023-08-07T03:18:08","slug":"san-pham","status":"publish","type":"page","link":"http:\/\/tritueso.com.vn\/en\/san-pham","title":{"rendered":"Product"},"content":{"rendered":"<p><\/p>\n\n\n\n<div class=\"row row-collapse row-full-width\"  id=\"row-542293245\">\n\n\n\t<div id=\"col-278995398\" class=\"col medium-6 small-12 large-6\"  >\n\t\t<div class=\"col-inner\"  >\n\t\t\t\n\t\t\t\n\n\n  <div class=\"banner has-hover\" id=\"banner-1800154422\">\n          <div class=\"banner-inner fill\">\n        <div class=\"banner-bg fill\" >\n            <div class=\"bg fill bg-fill\"><\/div>\n                        <div class=\"overlay\"><\/div>            \n            <div class=\"effect-snow bg-effect fill no-click\"><\/div>        <\/div>\n        <div class=\"banner-layers container\">\n            <a class=\"fill\" href=\"http:\/\/tritueso.com.vn\/en\/vongdeotay\/\"  ><div class=\"fill banner-link\"><\/div><\/a>            \n\n\n        <\/div>\n      <\/div>\n\n            \n<style>\n#banner-1800154422 {\n  padding-top: 350px;\n}\n#banner-1800154422 .bg.bg-loaded {\n  background-image: url(http:\/\/tritueso.com.vn\/wp-content\/uploads\/2021\/03\/vong-deo-tay-brenmoor-2.png);\n}\n#banner-1800154422 .overlay {\n  background-color: rgba(0, 0, 0, 0.25);\n}\n#banner-1800154422 .bg {\n  background-position: 100% 95%;\n}\n<\/style>\n  <\/div>\n\n\n\n\t\t<\/div>\n\t\t\t<\/div>\n\n\t\n\n\t<div id=\"col-1912827016\" class=\"col medium-6 small-12 large-6\"  >\n\t\t<div class=\"col-inner\"  >\n\t\t\t\n\t\t\t\n\n\n  <div class=\"banner has-hover\" id=\"banner-1467769116\">\n          <div class=\"banner-inner fill\">\n        <div class=\"banner-bg fill\" >\n            <div class=\"bg fill bg-fill\"><\/div>\n                                    \n                    <\/div>\n        <div class=\"banner-layers container\">\n            <div class=\"fill banner-link\"><\/div>            \n\n   <div id=\"text-box-812128921\" class=\"text-box banner-layer x50 md-x50 lg-x50 y50 md-y50 lg-y50 res-text\">\n                                <div class=\"text-box-content text\">\n              \n              <div class=\"text-inner text-center\">\n                  \n\n<h3 class=\"uppercase\"><span style=\"font-size: 180%;\"><strong style=\"color:#0080ff;\">Printable Hospital Wristbands<\/strong><\/span><\/h3>\n<p class=\"uppercase\"><span style=\"font-size: 150%;\">Chuy\u00ean cung c\u1ea5p v\u00f2ng \u0111eo tay d\u00e0nh cho b\u1ec7nh nh\u00e2n ng\u01b0\u1eddi l\u1edbn v\u00e0 tr\u1ebb em nh\u00e3n hi\u1ec7u Brenmoor v\u1edbi ch\u1ea5t l\u01b0\u1ee3ng theo ti\u00eau chu\u1ea9n ch\u00e2u \u00e2u.<\/span><\/p>\n<a href=\"http:\/\/tritueso.com.vn\/en\/lien-he\/\" target=\"_self\" class=\"button secondary is-large\"  >\n    <span>Li\u00ean h\u1ec7 ngay<\/span>\n  <\/a>\n\n\n\n              <\/div>\n           <\/div>\n                            \n<style>\n#text-box-812128921 {\n  width: 60%;\n}\n#text-box-812128921 .text-box-content {\n  font-size: 100%;\n}\n<\/style>\n    <\/div>\n \n\n        <\/div>\n      <\/div>\n\n            \n<style>\n#banner-1467769116 {\n  padding-top: 350px;\n  background-color: rgb(255,255,255);\n}\n<\/style>\n  <\/div>\n\n\n\n\t\t<\/div>\n\t\t\t<\/div>\n\n\t\n\n<\/div>\n<div class=\"row row-collapse row-full-width\"  id=\"row-1324035675\">\n\n\n\t<div id=\"col-1039502375\" class=\"col medium-6 small-12 large-6\"  >\n\t\t<div class=\"col-inner\"  >\n\t\t\t\n\t\t\t\n\n\n  <div class=\"banner has-hover\" id=\"banner-910760878\">\n          <div class=\"banner-inner fill\">\n        <div class=\"banner-bg fill\" >\n            <div class=\"bg fill bg-fill\"><\/div>\n                                    \n                    <\/div>\n        <div class=\"banner-layers container\">\n            <div class=\"fill banner-link\"><\/div>            \n\n   <div id=\"text-box-2102514285\" class=\"text-box banner-layer x50 md-x50 lg-x50 y50 md-y50 lg-y50 res-text\">\n                                <div class=\"text-box-content text\">\n              \n              <div class=\"text-inner text-center\">\n                  \n\n<h3 class=\"uppercase\"><span style=\"font-size: 170%;\"><strong style=\"color: #0080ff;\">tem nh\u00e3n n\u1eef trang<\/strong><\/span><\/h3>\n<p class=\"uppercase\"><span style=\"font-size: 150%;\">Chuy\u00ean cung c\u1ea5p tem nh\u00e3n n\u1eef trang v\u1edbi <br \/>ch\u1ea5t l\u01b0\u1ee3ng t\u1ed1t nh\u1ea5t v\u1edbi m\u1ee9c gi\u00e1 ph\u00f9 h\u1ee3p. <br \/>qu\u00fd kh\u00e1ch vui l\u00f2ng li\u00ean h\u1ec7 ngay v\u1edbi ch\u00fang t\u00f4i<br \/> \u0111\u1ec3 bi\u1ebft th\u00eam chi ti\u1ebft.<\/span><\/p>\n<a href=\"http:\/\/tritueso.com.vn\/en\/lien-he\/\" target=\"_self\" class=\"button secondary is-large\"  >\n    <span>li\u00ean h\u1ec7 ngay<\/span>\n  <\/a>\n\n\n\n              <\/div>\n           <\/div>\n                            \n<style>\n#text-box-2102514285 {\n  width: 64%;\n}\n#text-box-2102514285 .text-box-content {\n  font-size: 100%;\n}\n<\/style>\n    <\/div>\n \n\n        <\/div>\n      <\/div>\n\n            \n<style>\n#banner-910760878 {\n  padding-top: 340px;\n  background-color: rgb(255,255,255);\n}\n<\/style>\n  <\/div>\n\n\n\n\t\t<\/div>\n\t\t\t<\/div>\n\n\t\n\n\t<div id=\"col-810840323\" class=\"col medium-6 small-12 large-6 small-col-first\"  >\n\t\t<div class=\"col-inner\"  >\n\t\t\t\n\t\t\t\n\n\n  <div class=\"banner has-hover bg-zoom-fade\" id=\"banner-1284964523\">\n          <div class=\"banner-inner fill\">\n        <div class=\"banner-bg fill\" >\n            <div class=\"bg fill bg-fill\"><\/div>\n                        <div class=\"overlay\"><\/div>            \n            <div class=\"effect-sparkle bg-effect fill no-click\"><\/div>        <\/div>\n        <div class=\"banner-layers container\">\n            <div class=\"fill banner-link\"><\/div>            \n\n\n        <\/div>\n      <\/div>\n\n            \n<style>\n#banner-1284964523 {\n  padding-top: 350px;\n}\n#banner-1284964523 .bg.bg-loaded {\n  background-image: url(http:\/\/tritueso.com.vn\/wp-content\/uploads\/2021\/03\/tem-nhan-nu-trang-1.png);\n}\n#banner-1284964523 .overlay {\n  background-color: rgba(0, 0, 0, 0.3);\n}\n#banner-1284964523 .bg {\n  background-position: 39% 50%;\n}\n<\/style>\n  <\/div>\n\n\n\n\t\t<\/div>\n\t\t\t<\/div>\n\n\t\n\n<\/div>\n<div class=\"row row-collapse row-full-width\"  id=\"row-1617123026\">\n\n\n\t<div id=\"col-250606146\" class=\"col medium-6 small-12 large-6\"  >\n\t\t<div class=\"col-inner\"  >\n\t\t\t\n\t\t\t\n\n\n  <div class=\"banner has-hover bg-zoom-fade\" id=\"banner-125310566\">\n          <div class=\"banner-inner fill\">\n        <div class=\"banner-bg fill\" >\n            <div class=\"bg fill bg-fill\"><\/div>\n                        <div class=\"overlay\"><\/div>            \n            <div class=\"effect-snow bg-effect fill no-click\"><\/div>        <\/div>\n        <div class=\"banner-layers container\">\n            <div class=\"fill banner-link\"><\/div>            \n\n\n        <\/div>\n      <\/div>\n\n            \n<style>\n#banner-125310566 {\n  padding-top: 350px;\n}\n#banner-125310566 .bg.bg-loaded {\n  background-image: url(http:\/\/tritueso.com.vn\/wp-content\/uploads\/2021\/03\/may-in-ma-vach-1-1024x237.jpg);\n}\n#banner-125310566 .overlay {\n  background-color: rgba(0, 0, 0, 0.25);\n}\n#banner-125310566 .bg {\n  background-position: 73% 100%;\n}\n<\/style>\n  <\/div>\n\n\n\n\t\t<\/div>\n\t\t\t<\/div>\n\n\t\n\n\t<div id=\"col-71454346\" class=\"col medium-6 small-12 large-6\"  >\n\t\t<div class=\"col-inner\"  >\n\t\t\t\n\t\t\t\n\n\n  <div class=\"banner has-hover\" id=\"banner-2114159564\">\n          <div class=\"banner-inner fill\">\n        <div class=\"banner-bg fill\" >\n            <div class=\"bg fill bg-fill\"><\/div>\n                                    \n                    <\/div>\n        <div class=\"banner-layers container\">\n            <div class=\"fill banner-link\"><\/div>            \n\n   <div id=\"text-box-503968715\" class=\"text-box banner-layer x50 md-x50 lg-x50 y50 md-y50 lg-y50 res-text\">\n                                <div class=\"text-box-content text\">\n              \n              <div class=\"text-inner text-center\">\n                  \n\n<h3 class=\"uppercase\"><span style=\"font-size: 180%;\"><strong style=\"color:#0080ff;\">Barcode Printer<\/strong><\/span><\/h3>\n<p class=\"uppercase\"><span style=\"font-size: 150%;\">Chuy\u00ean cung c\u1ea5p c\u00e1c d\u00f2ng m\u00e1y in \u0111\u1ec3 b\u00e0n, c\u00f4ng nghi\u1ec7p v\u00e0 di \u0111\u1ed9ng v\u1edbi ch\u1ea5t l\u01b0\u1ee3ng t\u1ed1t nh\u1ea5t<\/span><\/p>\n<a href=\"http:\/\/tritueso.com.vn\/en\/lien-he\/\" target=\"_self\" class=\"button secondary is-large\"  >\n    <span>Li\u00ean h\u1ec7 ngay<\/span>\n  <\/a>\n\n\n\n              <\/div>\n           <\/div>\n                            \n<style>\n#text-box-503968715 {\n  width: 60%;\n}\n#text-box-503968715 .text-box-content {\n  font-size: 100%;\n}\n<\/style>\n    <\/div>\n \n\n        <\/div>\n      <\/div>\n\n            \n<style>\n#banner-2114159564 {\n  padding-top: 350px;\n  background-color: rgb(255,255,255);\n}\n<\/style>\n  <\/div>\n\n\n\n\t\t<\/div>\n\t\t\t<\/div>\n\n\t\n\n<\/div>\n<div class=\"row row-collapse row-full-width\"  id=\"row-1726776693\">\n\n\n\t<div id=\"col-715171830\" class=\"col medium-6 small-12 large-6\"  >\n\t\t<div class=\"col-inner\"  >\n\t\t\t\n\t\t\t\n\n\n  <div class=\"banner has-hover\" id=\"banner-1977273627\">\n          <div class=\"banner-inner fill\">\n        <div class=\"banner-bg fill\" >\n            <div class=\"bg fill bg-fill\"><\/div>\n                                    \n                    <\/div>\n        <div class=\"banner-layers container\">\n            <div class=\"fill banner-link\"><\/div>            \n\n   <div id=\"text-box-468302833\" class=\"text-box banner-layer x50 md-x50 lg-x50 y50 md-y50 lg-y50 res-text\">\n                                <div class=\"text-box-content text\">\n              \n              <div class=\"text-inner text-center\">\n                  \n\n<h3 class=\"uppercase\"><span style=\"font-size: 180%;\"><strong style=\"color:#0080ff;\">Barcode Scanner<\/strong><\/span><\/h3>\n<p class=\"uppercase\"><span style=\"font-size: 150%;\">Chuy\u00ean cung c\u1ea5p c\u00e1c d\u00f2ng m\u00e1y qu\u00e9t 1D, 2D c\u1ee7a c\u00e1c nh\u00e3n hi\u1ec7u uy t\u00edn v\u00e0 ch\u1ea5t l\u01b0\u1ee3ng.<\/span><\/p>\n<a href=\"http:\/\/tritueso.com.vn\/en\/lien-he\/\" target=\"_self\" class=\"button secondary is-large\"  >\n    <span>li\u00ean h\u1ec7 ngay<\/span>\n  <\/a>\n\n\n\n              <\/div>\n           <\/div>\n                            \n<style>\n#text-box-468302833 {\n  width: 60%;\n}\n#text-box-468302833 .text-box-content {\n  font-size: 100%;\n}\n<\/style>\n    <\/div>\n \n\n        <\/div>\n      <\/div>\n\n            \n<style>\n#banner-1977273627 {\n  padding-top: 340px;\n  background-color: rgb(255,255,255);\n}\n<\/style>\n  <\/div>\n\n\n\n\t\t<\/div>\n\t\t\t<\/div>\n\n\t\n\n\t<div id=\"col-2039234379\" class=\"col medium-6 small-12 large-6 small-col-first\"  >\n\t\t<div class=\"col-inner\"  >\n\t\t\t\n\t\t\t\n\n\n  <div class=\"banner has-hover bg-zoom-fade\" id=\"banner-1962446153\">\n          <div class=\"banner-inner fill\">\n        <div class=\"banner-bg fill\" >\n            <div class=\"bg fill bg-fill\"><\/div>\n                        <div class=\"overlay\"><\/div>            \n            <div class=\"effect-sparkle bg-effect fill no-click\"><\/div>        <\/div>\n        <div class=\"banner-layers container\">\n            <div class=\"fill banner-link\"><\/div>            \n\n\n        <\/div>\n      <\/div>\n\n            \n<style>\n#banner-1962446153 {\n  padding-top: 350px;\n}\n#banner-1962446153 .bg.bg-loaded {\n  background-image: url(http:\/\/tritueso.com.vn\/wp-content\/uploads\/2021\/03\/barcode-scanner-1024x237.jpg);\n}\n#banner-1962446153 .overlay {\n  background-color: rgba(0, 0, 0, 0.3);\n}\n#banner-1962446153 .bg {\n  background-position: 61% 99%;\n}\n<\/style>\n  <\/div>\n\n\n\n\t\t<\/div>\n\t\t\t<\/div>\n\n\t\n\n<\/div>\n<div class=\"row row-collapse row-full-width\"  id=\"row-1344651429\">\n\n\n\t<div id=\"col-913501299\" class=\"col medium-6 small-12 large-6\"  >\n\t\t<div class=\"col-inner\"  >\n\t\t\t\n\t\t\t\n\n\n  <div class=\"banner has-hover bg-zoom-fade\" id=\"banner-1618383438\">\n          <div class=\"banner-inner fill\">\n        <div class=\"banner-bg fill\" >\n            <div class=\"bg fill bg-fill\"><\/div>\n                        <div class=\"overlay\"><\/div>            \n            <div class=\"effect-sliding-glass bg-effect fill no-click\"><\/div>        <\/div>\n        <div class=\"banner-layers container\">\n            <div class=\"fill banner-link\"><\/div>            \n\n\n        <\/div>\n      <\/div>\n\n            \n<style>\n#banner-1618383438 {\n  padding-top: 350px;\n}\n#banner-1618383438 .bg.bg-loaded {\n  background-image: url(http:\/\/tritueso.com.vn\/wp-content\/uploads\/2021\/03\/thiet-bi-handheld-1024x341.jpg);\n}\n#banner-1618383438 .overlay {\n  background-color: rgba(0, 0, 0, 0.25);\n}\n#banner-1618383438 .bg {\n  background-position: 36% 59%;\n}\n<\/style>\n  <\/div>\n\n\n\n\t\t<\/div>\n\t\t\t<\/div>\n\n\t\n\n\t<div id=\"col-1338469365\" class=\"col medium-6 small-12 large-6\"  >\n\t\t<div class=\"col-inner\"  >\n\t\t\t\n\t\t\t\n\n\n  <div class=\"banner has-hover\" id=\"banner-470632314\">\n          <div class=\"banner-inner fill\">\n        <div class=\"banner-bg fill\" >\n            <div class=\"bg fill bg-fill\"><\/div>\n                                    \n                    <\/div>\n        <div class=\"banner-layers container\">\n            <div class=\"fill banner-link\"><\/div>            \n\n   <div id=\"text-box-2101927009\" class=\"text-box banner-layer x50 md-x50 lg-x50 y50 md-y50 lg-y50 res-text\">\n                                <div class=\"text-box-content text\">\n              \n              <div class=\"text-inner text-center\">\n                  \n\n<h3 class=\"uppercase\"><span style=\"font-size: 180%;\"><strong style=\"color:#0080ff;\">Handheld<\/strong><\/span><\/h3>\n<p class=\"uppercase\"><span style=\"font-size: 150%;\">Chuy\u00ean cung c\u1ea5p c\u00e1c thi\u1ebft b\u1ecb ki\u1ec3m kho v\u1edbi ch\u1ea5t l\u01b0\u1ee3ng t\u1ed1t nh\u1ea5t.<\/span><\/p>\n<a href=\"http:\/\/tritueso.com.vn\/en\/lien-he\/\" target=\"_self\" class=\"button secondary is-large\"  >\n    <span>Li\u00ean h\u1ec7 ngay<\/span>\n  <\/a>\n\n\n\n              <\/div>\n           <\/div>\n                            \n<style>\n#text-box-2101927009 {\n  width: 60%;\n}\n#text-box-2101927009 .text-box-content {\n  font-size: 100%;\n}\n<\/style>\n    <\/div>\n \n\n        <\/div>\n      <\/div>\n\n            \n<style>\n#banner-470632314 {\n  padding-top: 350px;\n  background-color: rgb(255,255,255);\n}\n<\/style>\n  <\/div>\n\n\n\n\t\t<\/div>\n\t\t\t<\/div>\n\n\t\n\n<\/div>\n<div class=\"row row-collapse row-full-width\"  id=\"row-111609597\">\n\n\n\t<div id=\"col-724314448\" class=\"col medium-6 small-12 large-6\"  >\n\t\t<div class=\"col-inner\"  >\n\t\t\t\n\t\t\t\n\n\n  <div class=\"banner has-hover\" id=\"banner-230569582\">\n          <div class=\"banner-inner fill\">\n        <div class=\"banner-bg fill\" >\n            <div class=\"bg fill bg-fill\"><\/div>\n                                    \n                    <\/div>\n        <div class=\"banner-layers container\">\n            <div class=\"fill banner-link\"><\/div>            \n\n   <div id=\"text-box-51847093\" class=\"text-box banner-layer x50 md-x50 lg-x50 y50 md-y50 lg-y50 res-text\">\n                                <div class=\"text-box-content text\">\n              \n              <div class=\"text-inner text-center\">\n                  \n\n<h3 class=\"uppercase\"><span style=\"font-size: 180%;\"><strong style=\"color:#0080ff;\">Nh\u00e3n m\u1ef1c in<\/strong><\/span><\/h3>\n<p class=\"uppercase\"><span style=\"font-size: 150%;\">Chuy\u00ean cung c\u1ea5p nh\u00e3n, m\u1ef1c in c\u00e1c lo\u1ea1i v\u1edbi gi\u00e1 c\u1ea3 v\u00e0 ch\u1ea5t l\u01b0\u1ee3ng t\u1ed1t nh\u1ea5t th\u1ecb tr\u01b0\u1eddng.<\/span><\/p>\n<a href=\"http:\/\/tritueso.com.vn\/en\/lien-he\/\" target=\"_self\" class=\"button secondary is-large\"  >\n    <span>li\u00ean h\u1ec7 ngay<\/span>\n  <\/a>\n\n\n\n              <\/div>\n           <\/div>\n                            \n<style>\n#text-box-51847093 {\n  width: 60%;\n}\n#text-box-51847093 .text-box-content {\n  font-size: 100%;\n}\n<\/style>\n    <\/div>\n \n\n        <\/div>\n      <\/div>\n\n            \n<style>\n#banner-230569582 {\n  padding-top: 340px;\n  background-color: rgb(255,255,255);\n}\n<\/style>\n  <\/div>\n\n\n\n\t\t<\/div>\n\t\t\t<\/div>\n\n\t\n\n\t<div id=\"col-374046787\" class=\"col medium-6 small-12 large-6 small-col-first\"  >\n\t\t<div class=\"col-inner\"  >\n\t\t\t\n\t\t\t\n\n\n  <div class=\"banner has-hover bg-zoom-fade\" id=\"banner-1750928489\">\n          <div class=\"banner-inner fill\">\n        <div class=\"banner-bg fill\" >\n            <div class=\"bg fill bg-fill\"><\/div>\n                        <div class=\"overlay\"><\/div>            \n            <div class=\"effect-sparkle bg-effect fill no-click\"><\/div>        <\/div>\n        <div class=\"banner-layers container\">\n            <div class=\"fill banner-link\"><\/div>            \n\n\n        <\/div>\n      <\/div>\n\n            \n<style>\n#banner-1750928489 {\n  padding-top: 350px;\n}\n#banner-1750928489 .bg.bg-loaded {\n  background-image: url(http:\/\/tritueso.com.vn\/wp-content\/uploads\/2021\/03\/nhan-muc-in-ma-vach-barcode.jpg);\n}\n#banner-1750928489 .overlay {\n  background-color: rgba(0, 0, 0, 0.3);\n}\n#banner-1750928489 .bg {\n  background-position: 39% 50%;\n}\n<\/style>\n  <\/div>\n\n\n\n\t\t<\/div>\n\t\t\t<\/div>\n\n\t\n\n<\/div>","protected":false},"excerpt":{"rendered":"","protected":false},"author":1,"featured_media":0,"parent":0,"menu_order":0,"comment_status":"closed","ping_status":"closed","template":"","meta":{"footnotes":""},"class_list":["post-61","page","type-page","status-publish","hentry"],"_links":{"self":[{"href":"http:\/\/tritueso.com.vn\/en\/wp-json\/wp\/v2\/pages\/61","targetHints":{"allow":["GET"]}}],"collection":[{"href":"http:\/\/tritueso.com.vn\/en\/wp-json\/wp\/v2\/pages"}],"about":[{"href":"http:\/\/tritueso.com.vn\/en\/wp-json\/wp\/v2\/types\/page"}],"author":[{"embeddable":true,"href":"http:\/\/tritueso.com.vn\/en\/wp-json\/wp\/v2\/users\/1"}],"replies":[{"embeddable":true,"href":"http:\/\/tritueso.com.vn\/en\/wp-json\/wp\/v2\/comments?post=61"}],"version-history":[{"count":23,"href":"http:\/\/tritueso.com.vn\/en\/wp-json\/wp\/v2\/pages\/61\/revisions"}],"predecessor-version":[{"id":563,"href":"http:\/\/tritueso.com.vn\/en\/wp-json\/wp\/v2\/pages\/61\/revisions\/563"}],"wp:attachment":[{"href":"http:\/\/tritueso.com.vn\/en\/wp-json\/wp\/v2\/media?parent=61"}],"curies":[{"name":"wp","href":"https:\/\/api.w.org\/{rel}","templated":true}]}}